{"id":7,"date":"2015-06-02T11:05:03","date_gmt":"2015-06-02T11:05:03","guid":{"rendered":"http:\/\/www.kanneci.org\/yeni\/?page_id=7"},"modified":"2024-08-23T23:56:31","modified_gmt":"2024-08-23T20:56:31","slug":"iletisim","status":"publish","type":"page","link":"https:\/\/www.kanneci.org\/yeni\/iletisim\/","title":{"rendered":"\u0130leti\u015fim"},"content":{"rendered":"<p><strong>Menajerlik\/Manager:<\/strong><\/p>\n<p>Talepleriniz ile ilgili Nilay Camc\u0131\/ management (at) kanneci.org adresine e-posta g\u00f6nderebilir ya da ileti\u015fim formunu doldurabilirsiniz.<\/p>\n<p>Please send an e-mail to Nilay Camc\u0131\/ management (at) kanneci.org or complete the form below for artist management.<\/p>\n<p><strong>\u0130leti\u015fim Formu\/Contact Form<\/strong><\/p>\n<p><span class=\"Apple-style-span\">\n\n<div class=\"scfp-form-content\">\n    <form class=\"scfp-form\" id=\"wcpform_1\"  method=\"post\" action=\"\">\n        <input type=\"hidden\" name=\"form_id\" value=\"wcpform_1\"\/>\n        <input type=\"hidden\" name=\"action\" value=\"scfp-form-submit\"\/>\n            <div class=\"scfp-form-row\">\n                    <label class=\"scfp-form-label\" for=\"scfp-name\">\u0130sim\/Name <span class=\"scfp-form-field-required\">*<\/span><\/label>\n                \n        <input  class=\"scfp-form-field\" type=\"text\" id=\"scfp-name\" name=\"scfp-name\"  required  value=\"\">\n\n            <\/div>\n    <div class=\"scfp-form-row\">\n                    <label class=\"scfp-form-label\" for=\"scfp-email\">Eposta\/Email <span class=\"scfp-form-field-required\">*<\/span><\/label>\n                \n        <input  class=\"scfp-form-field\" type=\"email\" id=\"scfp-email\" name=\"scfp-email\"  required  value=\"\">\n\n            <\/div>\n    <div class=\"scfp-form-row\">\n                    <label class=\"scfp-form-label\" for=\"scfp-subject\">Konu\/Subject <span class=\"scfp-form-field-required\">*<\/span><\/label>\n                \n        <input  class=\"scfp-form-field\" type=\"text\" id=\"scfp-subject\" name=\"scfp-subject\"  required  value=\"\">\n\n            <\/div>\n    <div class=\"scfp-form-row\">\n                    <label class=\"scfp-form-label\" for=\"scfp-message\">Mesaj\/Message <span class=\"scfp-form-field-required\">*<\/span><\/label>\n                \n        <textarea  class=\"scfp-form-field scfp-form-message-field\" id=\"scfp-message\" name=\"scfp-message\" required ><\/textarea>        \n        \n                \n    <\/div>\n    <div class=\"scfp-form-row\">\n                    <label class=\"scfp-form-label\" for=\"scfp-captcha\">Captcha <span class=\"scfp-form-field-required\">*<\/span><\/label>\n                    \n        <div class=\"scfp-captcha\">                                \n            <div class=\"scfp-captcha-image\">\n                <div class=\"scfp-captcha-image-wrapper\">\n                    <img src=\"data:image\/png;base64,iVBORw0KGgoAAAANSUhEUgAAAMgAAABGCAIAAAAGgExhAAAACXBIWXMAAA7EAAAOxAGVKw4bAAAAz0lEQVR4nO3SwQ3AIBDAsNL9dz6WIEJC9gR5ZM3MB6f9twN4k7FIGIuEsUgYi4SxSBiLhLFIGIuEsUgYi4SxSBiLhLFIGIuEsUgYi4SxSBiLhLFIGIuEsUgYi4SxSBiLhLFIGIuEsUgYi4SxSBiLhLFIGIuEsUgYi4SxSBiLhLFIGIuEsUgYi4SxSBiLhLFIGIuEsUgYi4SxSBiLhLFIGIuEsUgYi4SxSBiLhLFIGIuEsUgYi4SxSBiLhLFIGIuEsUgYi4SxSBiLhLFIGIvEBsJGA4kCb7UHAAAAAElFTkSuQmCC\" alt=\"\" \/>\n                <\/div>    \n            <\/div>    \n            <div class=\"scfp-captcha-field\">\n                <input  class=\"scfp-form-field\" type=\"text\" id=\"scfp-captcha\" name=\"scfp-captcha\"  required >\n                <a class=\"scfp-captcha-refresh\" data-key=\"captcha\" data-id=\"wcpform_1\" href=\"javascript:void();\">\n                    <div class=\"scfp-captcha-refresh-inner\">\n                        <div class=\"scfp-captcha-refresh-inner-icon\">\n                            <span class=\"scfp-icon-refresh\"><\/span>\n                            <span class=\"scfp-no-styles\">Refresh<\/span>\n                        <\/div>    \n                    <\/div>    \n                <\/a>\n            <\/div>\n            \n                         \n        <\/div>        \n    <\/div>\n        <div class=\"scfp-form-action scfp-form-button-position-left\">\n            <input class=\"scfp-form-submit\" type=\"submit\" value=\"G\u00f6nder\/Send\">\n        <\/div>        \n    <\/form>\n<\/div>\n<\/span><\/p>\n","protected":false},"excerpt":{"rendered":"<p>Menajerlik\/Manager: Talepleriniz ile ilgili Nilay Camc\u0131\/ management (at) kanneci.org adresine e-posta g\u00f6nderebilir ya da ileti\u015fim formunu doldurabilirsiniz. Please send an e-mail to Nilay Camc\u0131\/ management (at) kanneci.org or complete the form below for artist management. \u0130leti\u015fim Formu\/Contact Form<\/p>\n","protected":false},"author":1,"featured_media":0,"parent":0,"menu_order":0,"comment_status":"closed","ping_status":"closed","template":"","meta":[],"_links":{"self":[{"href":"https:\/\/www.kanneci.org\/yeni\/wp-json\/wp\/v2\/pages\/7"}],"collection":[{"href":"https:\/\/www.kanneci.org\/yeni\/wp-json\/wp\/v2\/pages"}],"about":[{"href":"https:\/\/www.kanneci.org\/yeni\/wp-json\/wp\/v2\/types\/page"}],"author":[{"embeddable":true,"href":"https:\/\/www.kanneci.org\/yeni\/wp-json\/wp\/v2\/users\/1"}],"replies":[{"embeddable":true,"href":"https:\/\/www.kanneci.org\/yeni\/wp-json\/wp\/v2\/comments?post=7"}],"version-history":[{"count":19,"href":"https:\/\/www.kanneci.org\/yeni\/wp-json\/wp\/v2\/pages\/7\/revisions"}],"predecessor-version":[{"id":486,"href":"https:\/\/www.kanneci.org\/yeni\/wp-json\/wp\/v2\/pages\/7\/revisions\/486"}],"wp:attachment":[{"href":"https:\/\/www.kanneci.org\/yeni\/wp-json\/wp\/v2\/media?parent=7"}],"curies":[{"name":"wp","href":"https:\/\/api.w.org\/{rel}","templated":true}]}}