{"id":4,"date":"2015-06-02T08:56:39","date_gmt":"2015-06-02T08:56:39","guid":{"rendered":"http:\/\/www.kanneci.org\/yeni\/?page_id=4"},"modified":"2017-04-17T15:02:12","modified_gmt":"2017-04-17T15:02:12","slug":"hakkinda","status":"publish","type":"page","link":"https:\/\/www.kanneci.org\/yeni\/hakkinda\/","title":{"rendered":"Hakk\u0131nda"},"content":{"rendered":"<p><a href=\"http:\/\/www.kanneci.org\/yeni\/wp-content\/uploads\/2015\/06\/kanneci_gitar1.jpg\"><img loading=\"lazy\" class=\" size-medium wp-image-58 alignleft\" src=\"http:\/\/www.kanneci.org\/yeni\/wp-content\/uploads\/2015\/06\/kanneci_gitar1-200x300.jpg\" alt=\"kanneci_gitar\" width=\"200\" height=\"300\" srcset=\"https:\/\/www.kanneci.org\/yeni\/wp-content\/uploads\/2015\/06\/kanneci_gitar1-200x300.jpg 200w, https:\/\/www.kanneci.org\/yeni\/wp-content\/uploads\/2015\/06\/kanneci_gitar1-683x1024.jpg 683w, https:\/\/www.kanneci.org\/yeni\/wp-content\/uploads\/2015\/06\/kanneci_gitar1.jpg 936w\" sizes=\"(max-width: 200px) 100vw, 200px\" \/><\/a>1957 y\u0131l\u0131nda do\u011fan Ahmet KANNEC\u0130, m\u00fczik alan\u0131ndaki teori e\u011fitimine T\u00fcrkiye&#8217;nin \u00f6nde gelen bestecilerinden Turgay ERDENER ile ba\u015flad\u0131. \u0130stemihan TAV\u0130LO\u011eLU ve Ali SEVG\u0130&#8217;den armoni ve kontrpuan dersleri ald\u0131. 1977 y\u0131l\u0131nda Julian BYZANTINE ile tan\u0131\u015ft\u0131ktan sonra \u00e7al\u0131\u015fmalar\u0131n\u0131 tamamen klasik gitara yo\u011funla\u015ft\u0131rd\u0131. ODT\u00dc Mimarl\u0131k Fak\u00fcltesi&#8217;ni bitirdikten sonra \u0130spanya H\u00fck\u00fcmetin&#8217;nin verdi\u011fi bursla hak kazanarak gitti\u011fi Conservatorio Superior de Musica Oscar Espla de Alicante&#8217;de Jose TOMAS&#8217;\u0131n s\u0131n\u0131f\u0131ndan ve ayr\u0131ca Fransa&#8217;n\u0131n Perpignan kenti Devlet Konservatuvar\u0131&#8217;ndan &#8220;Birincilik \u00d6d\u00fcl\u00fc&#8221; ile mezun oldu. Konserini dinleyerek tutkunu oldu\u011fu ve 30 y\u0131ld\u0131r desler ald\u0131\u011f\u0131 Aliri DIAZ gibi \u00fcnl\u00fc bir vir\u00fc\u00f6z ile birlikte \u00e7alma \u015fans\u0131na sahip oldu ve olumlu kritiklerini ald\u0131. Avrupa&#8217;daki \u00e7al\u0131\u015fmalar\u0131n\u0131 tamamlay\u0131p \u00fclkesine d\u00f6nd\u00fckten sonra d\u00f6rt ayr\u0131 konservatuvar ve \u00fcniversitede gitar b\u00f6l\u00fcmlerini kurdu. 1993 y\u0131l\u0131nda &#8220;Fulbright Ara\u015ft\u0131rma Bursu&#8221; kazanarak \u00e7al\u0131\u015fmalar\u0131n\u0131 s\u00fcrd\u00fcrmek amac\u0131yla ABD&#8217;ye gitti.<\/p>\n<p>KANNEC\u0130&#8217;ye:<\/p>\n<ul>\n<li>Fulbright Komisyonu taraf\u0131ndan &#8220;Sanatta \u00d6m\u00fcr Boyu Ba\u015far\u0131&#8221;,<\/li>\n<li>ODT\u00dc Senatosu taraf\u0131ndan &#8220;Takdir&#8221;,<\/li>\n<li>Harran \u00dcniversitesi ve Isparta S\u00fcleyman Demirel \u00dcniversitesi taraf\u0131ndan &#8220;Fahri Doktora&#8221; \u00f6d\u00fcl\u00fc,<\/li>\n<li>Hacettepe \u00dcniversitesi taraf\u0131ndan da &#8220;Sanat \u00d6d\u00fcl\u00fc&#8221; verildi.<\/li>\n<li>Y\u0131ld\u0131z Teknik \u00dcniversitesi taraf\u0131ndan ilk kez d\u00fczenlenen &#8220;Y\u0131l\u0131n Gitaristi \u00d6d\u00fcl\u00fc&#8221;ne lay\u0131k g\u00f6r\u00fcld\u00fc.<\/li>\n<li>2010 y\u0131l\u0131nda Andres Segovia Onur Madalyas\u0131 ile \u00f6d\u00fcllendirildi.<\/li>\n<\/ul>\n<p>Aralar\u0131nda Museo Andres Segovia (\u0130spanya), Carnegie Hall (ABD), Merkin Concert Hall (ABD), Royal Festival Hall (\u0130ngiltere) ve Teatro Colon (Arjantin) gibi salonlar\u0131n da yer ald\u0131\u011f\u0131 d\u00f6rt k\u0131tada \u00e7e\u015fitli yerlerde bir\u00e7ok konser verdi.<\/p>\n<p>Birlikte konser verdi\u011fi sanat\u00e7\u0131lar aras\u0131nda Ayhan ERMAN (Keman), Jorge CARDOSO (Gitar), Victor PIKAIZEN (Keman), Selva ERDENER (Soprano), Dorothy RANDOLPH (Barok Keman), \u015eefika KUTLUER (Fl\u00fct), Ekrem \u00d6ZTAN (Klarinet), Hiroki TERASHIMA (Gitar), Javier Garcia MORENO (Gitar), Diler ARGAT (Piyano), Sibel \u00d6ZG\u00dcN (Piyano) ve Ataol BEHRAMO\u011eLU (\u015eiir) gibi \u00f6nemli isimler vard\u0131r.<\/p>\n<p>Bir\u00e7ok m\u00fczisyen ile birlikte konser veren KANNEC\u0130 i\u00e7in kendisine ithaf edilen eserler \u00f6nemlidir.<\/p>\n<p>T. ERDENER, F. SAY, J. CARDOSO, F. ORTIZ, E. BAYRAKTAR, H.E.KORKMAZ, \u0130. TAV\u0130LO\u011eLU, N. BOSNA, M.A.CHERBITO, C.PADRO, T. WALKER, M. TOROS, T.SHAHIDI, M. HOSHINO, H. TERASHIMA, F. CUENCA gibi \u00f6nemli besteciler KANNEC\u0130&#8217;ye ithafen eserler bestelemi\u015flerdir.<\/p>\n<p>Kanneci, Hacettepe \u00dcniversitesi Devlet Konservatuvar\u0131nda ders vermekte olup 2017 y\u0131l\u0131nda Sanatta 40. Y\u0131l\u0131n\u0131 kutlamaktad\u0131r.<\/p>\n<p>Sanat\u00e7\u0131n\u0131n ayr\u0131ca BMG ve Sony Classical etiketiyle CD&#8217;leri bulunmaktad\u0131r.<\/p>\n<p style=\"text-align: right;\">Click <a href=\"\/yeni\/ahmet-kanneci-biography\" target=\"_blank\">here<\/a> for the English version.<\/p>\n","protected":false},"excerpt":{"rendered":"<p>1957 y\u0131l\u0131nda do\u011fan Ahmet KANNEC\u0130, m\u00fczik alan\u0131ndaki teori e\u011fitimine T\u00fcrkiye&#8217;nin \u00f6nde gelen bestecilerinden Turgay ERDENER ile ba\u015flad\u0131. \u0130stemihan TAV\u0130LO\u011eLU ve Ali SEVG\u0130&#8217;den armoni ve kontrpuan dersleri ald\u0131. 1977 y\u0131l\u0131nda Julian BYZANTINE ile tan\u0131\u015ft\u0131ktan sonra \u00e7al\u0131\u015fmalar\u0131n\u0131 tamamen klasik gitara yo\u011funla\u015ft\u0131rd\u0131. ODT\u00dc Mimarl\u0131k Fak\u00fcltesi&#8217;ni bitirdikten sonra \u0130spanya H\u00fck\u00fcmetin&#8217;nin verdi\u011fi bursla hak kazanarak gitti\u011fi Conservatorio Superior de Musica Oscar Espla de Alicante&#8217;de Jose TOMAS&#8217;\u0131n s\u0131n\u0131f\u0131ndan ve ayr\u0131ca Fransa&#8217;n\u0131n Perpignan kenti Devlet Konservatuvar\u0131&#8217;ndan &#8220;Birincilik \u00d6d\u00fcl\u00fc&#8221; ile mezun oldu. Konserini dinleyerek tutkunu oldu\u011fu ve 30 y\u0131ld\u0131r desler ald\u0131\u011f\u0131 Aliri DIAZ gibi \u00fcnl\u00fc bir vir\u00fc\u00f6z ile birlikte \u00e7alma \u015fans\u0131na sahip oldu ve olumlu kritiklerini ald\u0131. Avrupa&#8217;daki \u00e7al\u0131\u015fmalar\u0131n\u0131 tamamlay\u0131p \u00fclkesine d\u00f6nd\u00fckten sonra d\u00f6rt ayr\u0131 konservatuvar ve \u00fcniversitede gitar b\u00f6l\u00fcmlerini kurdu. 1993 y\u0131l\u0131nda &#8220;Fulbright Ara\u015ft\u0131rma Bursu&#8221; kazanarak \u00e7al\u0131\u015fmalar\u0131n\u0131 s\u00fcrd\u00fcrmek amac\u0131yla ABD&#8217;ye gitti. KANNEC\u0130&#8217;ye: Fulbright Komisyonu taraf\u0131ndan &#8220;Sanatta \u00d6m\u00fcr Boyu Ba\u015far\u0131&#8221;, ODT\u00dc Senatosu taraf\u0131ndan &#8220;Takdir&#8221;, Harran \u00dcniversitesi ve Isparta S\u00fcleyman Demirel \u00dcniversitesi taraf\u0131ndan &#8220;Fahri Doktora&#8221; \u00f6d\u00fcl\u00fc, Hacettepe \u00dcniversitesi taraf\u0131ndan da &#8220;Sanat \u00d6d\u00fcl\u00fc&#8221; verildi. Y\u0131ld\u0131z Teknik \u00dcniversitesi taraf\u0131ndan ilk kez d\u00fczenlenen &#8220;Y\u0131l\u0131n Gitaristi \u00d6d\u00fcl\u00fc&#8221;ne lay\u0131k g\u00f6r\u00fcld\u00fc. 2010 y\u0131l\u0131nda Andres Segovia Onur Madalyas\u0131 ile \u00f6d\u00fcllendirildi. Aralar\u0131nda Museo Andres Segovia (\u0130spanya), Carnegie Hall (ABD), Merkin Concert Hall (ABD), Royal Festival Hall (\u0130ngiltere) ve Teatro Colon (Arjantin) gibi salonlar\u0131n da yer ald\u0131\u011f\u0131 d\u00f6rt k\u0131tada \u00e7e\u015fitli yerlerde bir\u00e7ok konser verdi. Birlikte konser verdi\u011fi sanat\u00e7\u0131lar aras\u0131nda Ayhan ERMAN (Keman), Jorge CARDOSO (Gitar), Victor PIKAIZEN (Keman), [&hellip;]<\/p>\n","protected":false},"author":1,"featured_media":0,"parent":0,"menu_order":0,"comment_status":"closed","ping_status":"closed","template":"","meta":[],"_links":{"self":[{"href":"https:\/\/www.kanneci.org\/yeni\/wp-json\/wp\/v2\/pages\/4"}],"collection":[{"href":"https:\/\/www.kanneci.org\/yeni\/wp-json\/wp\/v2\/pages"}],"about":[{"href":"https:\/\/www.kanneci.org\/yeni\/wp-json\/wp\/v2\/types\/page"}],"author":[{"embeddable":true,"href":"https:\/\/www.kanneci.org\/yeni\/wp-json\/wp\/v2\/users\/1"}],"replies":[{"embeddable":true,"href":"https:\/\/www.kanneci.org\/yeni\/wp-json\/wp\/v2\/comments?post=4"}],"version-history":[{"count":9,"href":"https:\/\/www.kanneci.org\/yeni\/wp-json\/wp\/v2\/pages\/4\/revisions"}],"predecessor-version":[{"id":354,"href":"https:\/\/www.kanneci.org\/yeni\/wp-json\/wp\/v2\/pages\/4\/revisions\/354"}],"wp:attachment":[{"href":"https:\/\/www.kanneci.org\/yeni\/wp-json\/wp\/v2\/media?parent=4"}],"curies":[{"name":"wp","href":"https:\/\/api.w.org\/{rel}","templated":true}]}}