{"id":153,"date":"2015-06-04T14:57:25","date_gmt":"2015-06-04T14:57:25","guid":{"rendered":"http:\/\/www.kanneci.org\/yeni\/?page_id=153"},"modified":"2015-06-04T15:06:07","modified_gmt":"2015-06-04T15:06:07","slug":"oduller","status":"publish","type":"page","link":"https:\/\/www.kanneci.org\/yeni\/hakkinda\/oduller\/","title":{"rendered":"\u00d6d\u00fcller"},"content":{"rendered":"<p><strong><img loading=\"lazy\" class=\" size-medium wp-image-156 alignleft\" src=\"http:\/\/www.kanneci.org\/yeni\/wp-content\/uploads\/2015\/06\/kanneci_andresegovia_odul-246x300.jpg\" alt=\"kanneci_andresegovia_odul\" width=\"246\" height=\"300\" srcset=\"https:\/\/www.kanneci.org\/yeni\/wp-content\/uploads\/2015\/06\/kanneci_andresegovia_odul-246x300.jpg 246w, https:\/\/www.kanneci.org\/yeni\/wp-content\/uploads\/2015\/06\/kanneci_andresegovia_odul.jpg 313w\" sizes=\"(max-width: 246px) 100vw, 246px\" \/>Andres Segovia Onur \u00d6d\u00fcl\u00fc<\/strong><\/p>\n<p>&nbsp;<\/p>\n<p>&nbsp;<\/p>\n<p>&nbsp;<\/p>\n<p>&nbsp;<\/p>\n<p>&nbsp;<\/p>\n<p>&nbsp;<\/p>\n<p>&nbsp;<\/p>\n<p><a href=\"http:\/\/www.kanneci.org\/yeni\/wp-content\/uploads\/2015\/06\/kanneci_harrandoktora.jpg\"><img loading=\"lazy\" class=\" size-medium wp-image-160 alignleft\" src=\"http:\/\/www.kanneci.org\/yeni\/wp-content\/uploads\/2015\/06\/kanneci_harrandoktora-208x300.jpg\" alt=\"kanneci_harrandoktora\" width=\"208\" height=\"300\" srcset=\"https:\/\/www.kanneci.org\/yeni\/wp-content\/uploads\/2015\/06\/kanneci_harrandoktora-208x300.jpg 208w, https:\/\/www.kanneci.org\/yeni\/wp-content\/uploads\/2015\/06\/kanneci_harrandoktora.jpg 308w\" sizes=\"(max-width: 208px) 100vw, 208px\" \/><\/a><strong>Harran \u00dcniversitesi- Fahri Doktora\u00a0<\/strong><\/p>\n<p>&nbsp;<\/p>\n<p>&nbsp;<\/p>\n<p>&nbsp;<\/p>\n<p>&nbsp;<\/p>\n<p>&nbsp;<\/p>\n<p>&nbsp;<\/p>\n<p>&nbsp;<\/p>\n<p><a href=\"http:\/\/www.kanneci.org\/yeni\/wp-content\/uploads\/2015\/06\/kanneci_sdemireldoktora.jpg\"><img loading=\"lazy\" class=\" size-medium wp-image-161 alignleft\" src=\"http:\/\/www.kanneci.org\/yeni\/wp-content\/uploads\/2015\/06\/kanneci_sdemireldoktora-213x300.jpg\" alt=\"kanneci_sdemireldoktora\" width=\"213\" height=\"300\" srcset=\"https:\/\/www.kanneci.org\/yeni\/wp-content\/uploads\/2015\/06\/kanneci_sdemireldoktora-213x300.jpg 213w, https:\/\/www.kanneci.org\/yeni\/wp-content\/uploads\/2015\/06\/kanneci_sdemireldoktora.jpg 311w\" sizes=\"(max-width: 213px) 100vw, 213px\" \/><\/a><\/p>\n<p>&nbsp;<\/p>\n<p><strong>S\u00fcleyman Demirel \u00dcniversitesi Fahri Doktora<\/strong><\/p>\n<p>&nbsp;<\/p>\n<p>&nbsp;<\/p>\n<p>&nbsp;<\/p>\n<p>&nbsp;<\/p>\n<p>&nbsp;<\/p>\n<p>&nbsp;<\/p>\n<p><strong>Hacettepe \u00dcniversitesi- Sanat \u00d6d\u00fcl\u00fc<img loading=\"lazy\" class=\" size-medium wp-image-155 alignleft\" src=\"http:\/\/www.kanneci.org\/yeni\/wp-content\/uploads\/2015\/06\/kanneci_hacettepesanat-222x300.jpg\" alt=\"kanneci_hacettepesanat\" width=\"222\" height=\"300\" srcset=\"https:\/\/www.kanneci.org\/yeni\/wp-content\/uploads\/2015\/06\/kanneci_hacettepesanat-222x300.jpg 222w, https:\/\/www.kanneci.org\/yeni\/wp-content\/uploads\/2015\/06\/kanneci_hacettepesanat.jpg 297w\" sizes=\"(max-width: 222px) 100vw, 222px\" \/><\/strong><\/p>\n<p>&nbsp;<\/p>\n<p>&nbsp;<\/p>\n<p>&nbsp;<\/p>\n<p>&nbsp;<\/p>\n<p>&nbsp;<\/p>\n<p>&nbsp;<\/p>\n<p>&nbsp;<\/p>\n<p><a href=\"http:\/\/www.kanneci.org\/yeni\/wp-content\/uploads\/2015\/06\/kanneci_sanatasaygi.jpg\"><img loading=\"lazy\" class=\" size-medium wp-image-164 alignleft\" src=\"http:\/\/www.kanneci.org\/yeni\/wp-content\/uploads\/2015\/06\/kanneci_sanatasaygi-231x300.jpg\" alt=\"kanneci_sanatasaygi\" width=\"231\" height=\"300\" srcset=\"https:\/\/www.kanneci.org\/yeni\/wp-content\/uploads\/2015\/06\/kanneci_sanatasaygi-231x300.jpg 231w, https:\/\/www.kanneci.org\/yeni\/wp-content\/uploads\/2015\/06\/kanneci_sanatasaygi.jpg 324w\" sizes=\"(max-width: 231px) 100vw, 231px\" \/><\/a><strong>Sanata Sayg\u0131 Derne\u011fi &#8220;Sanata Hizmet \u00d6d\u00fcl\u00fc&#8221;<\/strong><\/p>\n<p>&nbsp;<\/p>\n<p>&nbsp;<\/p>\n","protected":false},"excerpt":{"rendered":"<p>Andres Segovia Onur \u00d6d\u00fcl\u00fc &nbsp; &nbsp; &nbsp; &nbsp; &nbsp; &nbsp; &nbsp; Harran \u00dcniversitesi- Fahri Doktora\u00a0 &nbsp; &nbsp; &nbsp; &nbsp; &nbsp; &nbsp; &nbsp; &nbsp; S\u00fcleyman Demirel \u00dcniversitesi Fahri Doktora &nbsp; &nbsp; &nbsp; &nbsp; &nbsp; &nbsp; Hacettepe \u00dcniversitesi- Sanat \u00d6d\u00fcl\u00fc &nbsp; &nbsp; &nbsp; &nbsp; &nbsp; &nbsp; &nbsp; Sanata Sayg\u0131 Derne\u011fi &#8220;Sanata Hizmet \u00d6d\u00fcl\u00fc&#8221; &nbsp; &nbsp;<\/p>\n","protected":false},"author":1,"featured_media":0,"parent":4,"menu_order":0,"comment_status":"closed","ping_status":"closed","template":"","meta":[],"_links":{"self":[{"href":"https:\/\/www.kanneci.org\/yeni\/wp-json\/wp\/v2\/pages\/153"}],"collection":[{"href":"https:\/\/www.kanneci.org\/yeni\/wp-json\/wp\/v2\/pages"}],"about":[{"href":"https:\/\/www.kanneci.org\/yeni\/wp-json\/wp\/v2\/types\/page"}],"author":[{"embeddable":true,"href":"https:\/\/www.kanneci.org\/yeni\/wp-json\/wp\/v2\/users\/1"}],"replies":[{"embeddable":true,"href":"https:\/\/www.kanneci.org\/yeni\/wp-json\/wp\/v2\/comments?post=153"}],"version-history":[{"count":6,"href":"https:\/\/www.kanneci.org\/yeni\/wp-json\/wp\/v2\/pages\/153\/revisions"}],"predecessor-version":[{"id":167,"href":"https:\/\/www.kanneci.org\/yeni\/wp-json\/wp\/v2\/pages\/153\/revisions\/167"}],"up":[{"embeddable":true,"href":"https:\/\/www.kanneci.org\/yeni\/wp-json\/wp\/v2\/pages\/4"}],"wp:attachment":[{"href":"https:\/\/www.kanneci.org\/yeni\/wp-json\/wp\/v2\/media?parent=153"}],"curies":[{"name":"wp","href":"https:\/\/api.w.org\/{rel}","templated":true}]}}