{"id":124,"date":"2015-06-03T15:24:48","date_gmt":"2015-06-03T15:24:48","guid":{"rendered":"http:\/\/www.kanneci.org\/yeni\/?page_id=124"},"modified":"2017-02-03T07:23:09","modified_gmt":"2017-02-03T07:23:09","slug":"siniflari","status":"publish","type":"page","link":"https:\/\/www.kanneci.org\/yeni\/hakkinda\/siniflari\/","title":{"rendered":"S\u0131n\u0131flar\u0131"},"content":{"rendered":"<p><a href=\"http:\/\/www.kanneci.org\/yeni\/wp-content\/uploads\/2015\/06\/logo_h.png\"><img loading=\"lazy\" class=\" size-full wp-image-125 alignleft\" src=\"http:\/\/www.kanneci.org\/yeni\/wp-content\/uploads\/2015\/06\/logo_h.png\" alt=\"logo_h\" width=\"195\" height=\"195\" srcset=\"https:\/\/www.kanneci.org\/yeni\/wp-content\/uploads\/2015\/06\/logo_h.png 195w, https:\/\/www.kanneci.org\/yeni\/wp-content\/uploads\/2015\/06\/logo_h-150x150.png 150w\" sizes=\"(max-width: 195px) 100vw, 195px\" \/><\/a><strong>Hacettepe \u00dcniversitesi<\/strong><br \/>\n<a href=\"http:\/\/www.konser.hacettepe.edu.tr\/sayfa\/bolumler\/gitarSD\" target=\"_blank\">Ankara Devlet Konservatuvar\u0131 Gitar Sanat Dal\u0131<\/a><br \/>\nGitar Sanat Dal\u0131 Prof. Dr. Ahmet Kanneci taraf\u0131ndan 2005-2006 e\u011fitim \u00f6\u011fretim y\u0131l\u0131nda kurulmu\u015ftur. Kuruldu\u011fu g\u00fcnden itibaren ba\u015fkanl\u0131\u011f\u0131n\u0131 Prof. Dr. Ahmet Kanneci y\u00fcr\u00fctmektedir. Gitar Sanat Dal\u0131, y\u00fcr\u00fctt\u00fc\u011f\u00fc lisans ve y\u00fcksek lisans programlar\u0131nda \u00e7a\u011fda\u015f y\u00f6ntem ve tekniklerle e\u011fitim vererek, uluslararas\u0131 alandaki g\u00fcncel \u00e7al\u0131\u015fmalar\u0131 yak\u0131ndan takip etmekte, sanatsal ve bilimsel \u00e7al\u0131\u015fmalar\u0131yla akademik birikime katk\u0131da bulunmaya devam etmektedir.<\/p>\n<p>Adres:\u00a0Bahriye \u00dc\u00e7ok Caddesi No: 4 PK:06500 Be\u015fevler\/ANKARA<\/p>\n<p>&nbsp;<\/p>\n<p>&nbsp;<\/p>\n","protected":false},"excerpt":{"rendered":"<p>Hacettepe \u00dcniversitesi Ankara Devlet Konservatuvar\u0131 Gitar Sanat Dal\u0131 Gitar Sanat Dal\u0131 Prof. Dr. Ahmet Kanneci taraf\u0131ndan 2005-2006 e\u011fitim \u00f6\u011fretim y\u0131l\u0131nda kurulmu\u015ftur. Kuruldu\u011fu g\u00fcnden itibaren ba\u015fkanl\u0131\u011f\u0131n\u0131 Prof. Dr. Ahmet Kanneci y\u00fcr\u00fctmektedir. Gitar Sanat Dal\u0131, y\u00fcr\u00fctt\u00fc\u011f\u00fc lisans ve y\u00fcksek lisans programlar\u0131nda \u00e7a\u011fda\u015f y\u00f6ntem ve tekniklerle e\u011fitim vererek, uluslararas\u0131 alandaki g\u00fcncel \u00e7al\u0131\u015fmalar\u0131 yak\u0131ndan takip etmekte, sanatsal ve bilimsel \u00e7al\u0131\u015fmalar\u0131yla akademik birikime katk\u0131da bulunmaya devam etmektedir. Adres:\u00a0Bahriye \u00dc\u00e7ok Caddesi No: 4 PK:06500 Be\u015fevler\/ANKARA &nbsp; &nbsp;<\/p>\n","protected":false},"author":1,"featured_media":0,"parent":4,"menu_order":0,"comment_status":"open","ping_status":"closed","template":"","meta":[],"_links":{"self":[{"href":"https:\/\/www.kanneci.org\/yeni\/wp-json\/wp\/v2\/pages\/124"}],"collection":[{"href":"https:\/\/www.kanneci.org\/yeni\/wp-json\/wp\/v2\/pages"}],"about":[{"href":"https:\/\/www.kanneci.org\/yeni\/wp-json\/wp\/v2\/types\/page"}],"author":[{"embeddable":true,"href":"https:\/\/www.kanneci.org\/yeni\/wp-json\/wp\/v2\/users\/1"}],"replies":[{"embeddable":true,"href":"https:\/\/www.kanneci.org\/yeni\/wp-json\/wp\/v2\/comments?post=124"}],"version-history":[{"count":4,"href":"https:\/\/www.kanneci.org\/yeni\/wp-json\/wp\/v2\/pages\/124\/revisions"}],"predecessor-version":[{"id":270,"href":"https:\/\/www.kanneci.org\/yeni\/wp-json\/wp\/v2\/pages\/124\/revisions\/270"}],"up":[{"embeddable":true,"href":"https:\/\/www.kanneci.org\/yeni\/wp-json\/wp\/v2\/pages\/4"}],"wp:attachment":[{"href":"https:\/\/www.kanneci.org\/yeni\/wp-json\/wp\/v2\/media?parent=124"}],"curies":[{"name":"wp","href":"https:\/\/api.w.org\/{rel}","templated":true}]}}