{"id":11,"date":"2015-06-02T11:07:34","date_gmt":"2015-06-02T11:07:34","guid":{"rendered":"http:\/\/www.kanneci.org\/yeni\/?page_id=11"},"modified":"2024-09-25T15:05:40","modified_gmt":"2024-09-25T12:05:40","slug":"program","status":"publish","type":"page","link":"https:\/\/www.kanneci.org\/yeni\/program\/","title":{"rendered":"Program"},"content":{"rendered":"<p><a href=\"https:\/\/www.kanneci.org\/yeni\/event\/sawako-kida-piyano-resitali-ahmet-kannecinin-katilimiyla\/\"><img loading=\"lazy\" class=\"alignnone size-large wp-image-491\" src=\"http:\/\/www.kanneci.org\/yeni\/wp-content\/uploads\/2024\/09\/kanneci_tjv2024-1024x1008.jpg\" alt=\"\" width=\"1024\" height=\"1008\" srcset=\"https:\/\/www.kanneci.org\/yeni\/wp-content\/uploads\/2024\/09\/kanneci_tjv2024-1024x1008.jpg 1024w, https:\/\/www.kanneci.org\/yeni\/wp-content\/uploads\/2024\/09\/kanneci_tjv2024-300x295.jpg 300w, https:\/\/www.kanneci.org\/yeni\/wp-content\/uploads\/2024\/09\/kanneci_tjv2024-768x756.jpg 768w, https:\/\/www.kanneci.org\/yeni\/wp-content\/uploads\/2024\/09\/kanneci_tjv2024.jpg 1170w\" sizes=\"(max-width: 1024px) 100vw, 1024px\" \/><\/a><\/p>\n<p><strong>Program Ar\u015fivi<\/strong><\/p>\n\n<table id=\"tablepress-2\" class=\"tablepress tablepress-id-2\">\n<thead>\n<tr class=\"row-1 odd\">\n\t<th class=\"column-1\">Tarih<\/th><th class=\"column-2\">\u00dclke<\/th><th class=\"column-3\">\u015eehir<\/th><th class=\"column-4\">Etkinlik T\u00fcr\u00fc<\/th><th class=\"column-5\">Yer\/Saat<\/th>\n<\/tr>\n<\/thead>\n<tbody class=\"row-hover\">\n<tr class=\"row-2 even\">\n\t<td class=\"column-1\">14 May\u0131s 2018<\/td><td class=\"column-2\">Kuzey K\u0131br\u0131s<\/td><td class=\"column-3\">Kalkanl\u0131\/G\u00fczelyurt<\/td><td class=\"column-4\">Konser<\/td><td class=\"column-5\">ODT\u00dc Kuzey K\u0131br\u0131s Kamp\u00fcs\u00fc<\/td>\n<\/tr>\n<tr class=\"row-3 odd\">\n\t<td class=\"column-1\">15 Mart 2018<\/td><td class=\"column-2\">T\u00fcrkiye<\/td><td class=\"column-3\">Denizli<\/td><td class=\"column-4\">Konser<\/td><td class=\"column-5\">Pamukkale \u00dcniversitesi<\/td>\n<\/tr>\n<tr class=\"row-4 even\">\n\t<td class=\"column-1\">13 Kas\u0131m 2017<\/td><td class=\"column-2\">T\u00fcrkiye<\/td><td class=\"column-3\">Ankara<\/td><td class=\"column-4\">Konser &amp; Sergi- Ahmet Kanneci (40. Y\u0131l)<\/td><td class=\"column-5\">T\u00fcrk Amerikan Derne\u011fi-Ankara\/ 19.00<\/td>\n<\/tr>\n<tr class=\"row-5 odd\">\n\t<td class=\"column-1\">20 Nisan 2017<\/td><td class=\"column-2\">T\u00fcrkiye<\/td><td class=\"column-3\">Ankara<\/td><td class=\"column-4\">Konser- 34.Uluslararas\u0131 Ankara M\u00fczik Festivali<\/td><td class=\"column-5\">Hacettepe \u00dcniversitesi M Salonu\/20.00<\/td>\n<\/tr>\n<tr class=\"row-6 even\">\n\t<td class=\"column-1\">6 Nisan 2017<\/td><td class=\"column-2\">T\u00fcrkiye<\/td><td class=\"column-3\">Ankara<\/td><td class=\"column-4\">Radyo Program\u0131<\/td><td class=\"column-5\">TRT Radyo 3- <a href=\"http:\/\/radyo.trt.net.tr\/podCast.aspx?OID=abf0b6d3-2e68-4a66-9649-f0cb0757e7da&amp;OIDIslem=64128363-7724-4a76-b839-6b08ef657f3e \">Eskiden Yeniye<\/a><\/td>\n<\/tr>\n<tr class=\"row-7 odd\">\n\t<td class=\"column-1\">17 Mart 2017<\/td><td class=\"column-2\">T\u00fcrkiye<\/td><td class=\"column-3\">Ankara<\/td><td class=\"column-4\">Konser-ODT\u00dcSanat18<\/td><td class=\"column-5\">ODT\u00dc K\u00fclt\u00fcr ve Kongre Merkezi\/20.00<\/td>\n<\/tr>\n<tr class=\"row-8 even\">\n\t<td class=\"column-1\">27 Ekim 2016<\/td><td class=\"column-2\">T\u00fcrkiye<\/td><td class=\"column-3\">Ankara<\/td><td class=\"column-4\">Konser- Ataol Behramo\u011flu<\/td><td class=\"column-5\">Ankara Sanat Tiyatrosu\/20.00<\/td>\n<\/tr>\n<tr class=\"row-9 odd\">\n\t<td class=\"column-1\">27 May\u0131s 2016<\/td><td class=\"column-2\">T\u00fcrkiye<\/td><td class=\"column-3\">Ankara<\/td><td class=\"column-4\">ODT\u00dc G\u00fcn\u00fc Ahmet Kanneci Konseri<\/td><td class=\"column-5\">ODT\u00dc K\u00fclt\u00fcr ve Kongre Merkezi\/10.30<\/td>\n<\/tr>\n<tr class=\"row-10 even\">\n\t<td class=\"column-1\">17 Mart 2016<\/td><td class=\"column-2\">T\u00fcrkiye<\/td><td class=\"column-3\">Ankara<\/td><td class=\"column-4\">Radyo Program\u0131<\/td><td class=\"column-5\">TRT3- \"Misafirimiz Var\" Program\u0131 R\u00f6portaj<\/td>\n<\/tr>\n<tr class=\"row-11 odd\">\n\t<td class=\"column-1\">4 Mart 2016<\/td><td class=\"column-2\">T\u00fcrkiye<\/td><td class=\"column-3\">Ankara<\/td><td class=\"column-4\">S\u00f6yle\u015fi<\/td><td class=\"column-5\">Sanatta Uyum S\u00f6yle\u015fisi- Ankara \u00dcniversitesi\/12.30<\/td>\n<\/tr>\n<tr class=\"row-12 even\">\n\t<td class=\"column-1\">19 Ocak 2016<\/td><td class=\"column-2\">T\u00fcrkiye <\/td><td class=\"column-3\">Ankara<\/td><td class=\"column-4\">Konser<\/td><td class=\"column-5\">\"M\u00fcze'de M\u00fczik Sal\u0131 Konserleri\" Ahmet Kanneci Konseri \/20.30<\/td>\n<\/tr>\n<tr class=\"row-13 odd\">\n\t<td class=\"column-1\">24 Aral\u0131k 2015<\/td><td class=\"column-2\">T\u00fcrkiye<\/td><td class=\"column-3\">Ankara<\/td><td class=\"column-4\">S\u00f6yle\u015fi<\/td><td class=\"column-5\">Hacettepe \u00dcniversitesi \"Sanatta Uyum\" S\u00f6yle\u015fisi<\/td>\n<\/tr>\n<tr class=\"row-14 even\">\n\t<td class=\"column-1\">22 Aral\u0131k 2015<\/td><td class=\"column-2\">T\u00fcrkiye <\/td><td class=\"column-3\">Ankara<\/td><td class=\"column-4\">Konser<\/td><td class=\"column-5\">Ankara Sanat Tiyatrosu\/20.00<\/td>\n<\/tr>\n<tr class=\"row-15 odd\">\n\t<td class=\"column-1\">10 Aral\u0131k 2015<\/td><td class=\"column-2\">T\u00fcrkiye<\/td><td class=\"column-3\">Antalya<\/td><td class=\"column-4\">Konser<\/td><td class=\"column-5\">4.  Antalya Uluslararas\u0131 Gitar Festivali<\/td>\n<\/tr>\n<tr class=\"row-16 even\">\n\t<td class=\"column-1\">26 Kas\u0131m 2015<\/td><td class=\"column-2\">T\u00fcrkiye <\/td><td class=\"column-3\">Ankara<\/td><td class=\"column-4\">Seminer<\/td><td class=\"column-5\">\"TOBB Talks\" etkinli\u011fi kapsam\u0131nda seminer<\/td>\n<\/tr>\n<tr class=\"row-17 odd\">\n\t<td class=\"column-1\">23 Ekim 2015 <\/td><td class=\"column-2\">T\u00fcrkiye<\/td><td class=\"column-3\">Ankara<\/td><td class=\"column-4\">Dinleti<\/td><td class=\"column-5\">\"50. Sanat Y\u0131l\u0131nda Ataol Behramo\u011flu\" Etkinli\u011fi<br \/>\nAhmet Kanneci, Selva Erdener,Ilg\u0131t Da\u011f\u00fcst\u00fcn Dinletisi<br \/>\n\u00c7a\u011fda\u015f Sanatlar Merkezi Ankara <\/td>\n<\/tr>\n<tr class=\"row-18 even\">\n\t<td class=\"column-1\">26 A\u011fustos 2015<\/td><td class=\"column-2\">T\u00fcrkiye<\/td><td class=\"column-3\">Ankara<\/td><td class=\"column-4\">Radyo Program\u0131<\/td><td class=\"column-5\">TRT3- \"Misafirimiz Var\" Program\u0131 R\u00f6portaj<\/td>\n<\/tr>\n<tr class=\"row-19 odd\">\n\t<td class=\"column-1\">24 Nisan 2015<\/td><td class=\"column-2\">T\u00fcrkiye<\/td><td class=\"column-3\">Alanya<\/td><td class=\"column-4\">Konser<\/td><td class=\"column-5\">Alanya HEP \u00dcniversitesi <\/td>\n<\/tr>\n<tr class=\"row-20 even\">\n\t<td class=\"column-1\">10-17 Aral\u0131k 2014<\/td><td class=\"column-2\">Japonya<\/td><td class=\"column-3\">TURNE<\/td><td class=\"column-4\">Konser<\/td><td class=\"column-5\"><\/td>\n<\/tr>\n<tr class=\"row-21 odd\">\n\t<td class=\"column-1\">18-23 Kas\u0131m 2014<\/td><td class=\"column-2\">\u0130spanya<\/td><td class=\"column-3\">Linares<\/td><td class=\"column-4\">Konser, <br \/>\nMasterclass, <br \/>\nJ\u00fcri \u00dcyeli\u011fi<\/td><td class=\"column-5\">Andres Segovia <br \/>\nFestivali<\/td>\n<\/tr>\n<tr class=\"row-22 even\">\n\t<td class=\"column-1\">18 Kas\u0131m 2014<\/td><td class=\"column-2\">\u0130spanya<\/td><td class=\"column-3\">Madrid<\/td><td class=\"column-4\">Konser<\/td><td class=\"column-5\"><\/td>\n<\/tr>\n<tr class=\"row-23 odd\">\n\t<td class=\"column-1\">22-31 Ekim 2014<\/td><td class=\"column-2\">Avusturya<\/td><td class=\"column-3\">TURNE<\/td><td class=\"column-4\">Konser<\/td><td class=\"column-5\">Bregenz, Viyana, Graz<\/td>\n<\/tr>\n<tr class=\"row-24 even\">\n\t<td class=\"column-1\">29 Haziran 2014<\/td><td class=\"column-2\">T\u00fcrkiye<\/td><td class=\"column-3\">\u0130stanbul<\/td><td class=\"column-4\">S\u00f6yle\u015fi<\/td><td class=\"column-5\"><\/td>\n<\/tr>\n<tr class=\"row-25 odd\">\n\t<td class=\"column-1\">14 Haziran 2014<\/td><td class=\"column-2\">T\u00fcrkiye<\/td><td class=\"column-3\">Ankara<\/td><td class=\"column-4\">Konser<\/td><td class=\"column-5\"><\/td>\n<\/tr>\n<tr class=\"row-26 even\">\n\t<td class=\"column-1\">11 Haziran 2014<\/td><td class=\"column-2\">T\u00fcrkiye<\/td><td class=\"column-3\">Ankara<\/td><td class=\"column-4\">Konser<\/td><td class=\"column-5\">Cumhurba\u015fkanl\u0131\u011f\u0131 K\u00f6\u015fk\u00fc<\/td>\n<\/tr>\n<tr class=\"row-27 odd\">\n\t<td class=\"column-1\">22-24 May\u0131s 2014<\/td><td class=\"column-2\">Bosna Hersek<\/td><td class=\"column-3\">Saraybosna<\/td><td class=\"column-4\">Konser<\/td><td class=\"column-5\">Saraybosna<\/td>\n<\/tr>\n<tr class=\"row-28 even\">\n\t<td class=\"column-1\">21 May\u0131s 2014<\/td><td class=\"column-2\">T\u00fcrkiye<\/td><td class=\"column-3\">\u0130stanbul<\/td><td class=\"column-4\">Konser<\/td><td class=\"column-5\">Cemal Re\u015fit Rey Gitar G\u00fcnleri<\/td>\n<\/tr>\n<tr class=\"row-29 odd\">\n\t<td class=\"column-1\">12 \u015eubat 2014<\/td><td class=\"column-2\">T\u00fcrkiye<\/td><td class=\"column-3\">Antalya<\/td><td class=\"column-4\">Konser<\/td><td class=\"column-5\">Antalya K\u00fclt\u00fcr Merkezi- III. Uluslararas\u0131 Antalya Gitar Festivali<\/td>\n<\/tr>\n<tr class=\"row-30 even\">\n\t<td class=\"column-1\">5 Ekim 2013<\/td><td class=\"column-2\">T\u00fcrkiye<\/td><td class=\"column-3\">Antalya<\/td><td class=\"column-4\">Konser<\/td><td class=\"column-5\">Konser<\/td>\n<\/tr>\n<tr class=\"row-31 odd\">\n\t<td class=\"column-1\">2 Ekim 2013<\/td><td class=\"column-2\">T\u00fcrkiye<\/td><td class=\"column-3\">Ankara<\/td><td class=\"column-4\">Konser<\/td><td class=\"column-5\">Adnan Turani Sergisi (19.00)<\/td>\n<\/tr>\n<tr class=\"row-32 even\">\n\t<td class=\"column-1\">30 Ekim 2013<\/td><td class=\"column-2\">T\u00fcrkiye<\/td><td class=\"column-3\">Ankara<\/td><td class=\"column-4\">Konser<\/td><td class=\"column-5\"><\/td>\n<\/tr>\n<tr class=\"row-33 odd\">\n\t<td class=\"column-1\">17 A\u011fustos 2013<\/td><td class=\"column-2\">T\u00fcrkiye<\/td><td class=\"column-3\">Hatay<\/td><td class=\"column-4\">Konser<\/td><td class=\"column-5\">Arsus Ba\u015fkent Oda Orkestras\u0131\/\u015eef: Ertu\u011f KORKMAZ (22:00)<\/td>\n<\/tr>\n<tr class=\"row-34 even\">\n\t<td class=\"column-1\">30 Haziran-7 Temmuz 2013<\/td><td class=\"column-2\">Fransa<\/td><td class=\"column-3\"><\/td><td class=\"column-4\">Konser<\/td><td class=\"column-5\">Konser<\/td>\n<\/tr>\n<tr class=\"row-35 odd\">\n\t<td class=\"column-1\">20 Haziran 2013<\/td><td class=\"column-2\">T\u00fcrkiye<\/td><td class=\"column-3\">\u0130stanbul<\/td><td class=\"column-4\">Konser<\/td><td class=\"column-5\">L\u00fctfi K\u0131rdar Kongre Merkezi<\/td>\n<\/tr>\n<tr class=\"row-36 even\">\n\t<td class=\"column-1\">28 Nisan 2013<\/td><td class=\"column-2\">T\u00fcrkiye<\/td><td class=\"column-3\">Ankara<\/td><td class=\"column-4\">TV Program\u0131<\/td><td class=\"column-5\">TRT HD \"Kahve \u0130\u00e7erken\" (10:00-11:00)<\/td>\n<\/tr>\n<tr class=\"row-37 odd\">\n\t<td class=\"column-1\">20 Nisan 2013<\/td><td class=\"column-2\">T\u00fcrkiye<\/td><td class=\"column-3\">Antalya<\/td><td class=\"column-4\">Konser<\/td><td class=\"column-5\">Konser<\/td>\n<\/tr>\n<tr class=\"row-38 even\">\n\t<td class=\"column-1\">17 Nisan 2013<\/td><td class=\"column-2\">T\u00fcrkiye<\/td><td class=\"column-3\">Ankara<\/td><td class=\"column-4\">Konser<\/td><td class=\"column-5\"><\/td>\n<\/tr>\n<tr class=\"row-39 odd\">\n\t<td class=\"column-1\">16 Nisan 2013<\/td><td class=\"column-2\">T\u00fcrkiye<\/td><td class=\"column-3\">Ankara<\/td><td class=\"column-4\">S\u00f6yle\u015fi<\/td><td class=\"column-5\">Radyo ODT\u00dc- Ofis Ka\u00e7k\u0131n\u0131<\/td>\n<\/tr>\n<tr class=\"row-40 even\">\n\t<td class=\"column-1\">29 Mart 2013<\/td><td class=\"column-2\">T\u00fcrkiye<\/td><td class=\"column-3\">Ankara<\/td><td class=\"column-4\">Konser<\/td><td class=\"column-5\"><\/td>\n<\/tr>\n<tr class=\"row-41 odd\">\n\t<td class=\"column-1\">23 Mart 2013<\/td><td class=\"column-2\">T\u00fcrkiye<\/td><td class=\"column-3\">Ankara<\/td><td class=\"column-4\">Konser<\/td><td class=\"column-5\">Ankara Film Festivali<\/td>\n<\/tr>\n<tr class=\"row-42 even\">\n\t<td class=\"column-1\">8 Mart 2013<\/td><td class=\"column-2\">T\u00fcrkiye<\/td><td class=\"column-3\">Ankara<\/td><td class=\"column-4\">S\u00f6yle\u015fi<\/td><td class=\"column-5\">Ankara Fen Lisesi<\/td>\n<\/tr>\n<tr class=\"row-43 odd\">\n\t<td class=\"column-1\">23 \u015eubat 2013<\/td><td class=\"column-2\">T\u00fcrkiye<\/td><td class=\"column-3\">Ankara<\/td><td class=\"column-4\">Konser<\/td><td class=\"column-5\">Ankara Caz Festivali<\/td>\n<\/tr>\n<tr class=\"row-44 even\">\n\t<td class=\"column-1\">12-16 \u015eubat 2013<\/td><td class=\"column-2\">T\u00fcrkiye<\/td><td class=\"column-3\">Antalya<\/td><td class=\"column-4\">Konser\/<br \/>\nMasterclass\/<br \/>\nPanel\/<br \/>\nDan\u0131\u015fmanl\u0131k<\/td><td class=\"column-5\">Antalya K\u00fclt\u00fcr Merkezi- II. Uluslararas\u0131 Antalya Gitar Festivali<\/td>\n<\/tr>\n<tr class=\"row-45 odd\">\n\t<td class=\"column-1\">7-17 Aral\u0131k 2012<\/td><td class=\"column-2\">Japonya<\/td><td class=\"column-3\"><\/td><td class=\"column-4\">Konser<\/td><td class=\"column-5\"><\/td>\n<\/tr>\n<tr class=\"row-46 even\">\n\t<td class=\"column-1\">18 Ekim 2012<\/td><td class=\"column-2\">T\u00fcrkiye<\/td><td class=\"column-3\">Ankara<\/td><td class=\"column-4\">Konser<\/td><td class=\"column-5\">Peker Holding<\/td>\n<\/tr>\n<tr class=\"row-47 odd\">\n\t<td class=\"column-1\">27 Nisan 2012<\/td><td class=\"column-2\">T\u00fcrkiye<\/td><td class=\"column-3\">Mardin<\/td><td class=\"column-4\">Konser<\/td><td class=\"column-5\">Mardin B\u00fcy\u00fck\u015fehir Belediyesi K\u00fclt\u00fcr Merkezi<\/td>\n<\/tr>\n<tr class=\"row-48 even\">\n\t<td class=\"column-1\">13 Nisan 2012<\/td><td class=\"column-2\">T\u00fcrkiye<\/td><td class=\"column-3\">Ankara<\/td><td class=\"column-4\">Konser<\/td><td class=\"column-5\"><\/td>\n<\/tr>\n<tr class=\"row-49 odd\">\n\t<td class=\"column-1\">6 Nisan 2012<\/td><td class=\"column-2\">T\u00fcrkiye<\/td><td class=\"column-3\">Ankara<\/td><td class=\"column-4\">Konser<\/td><td class=\"column-5\"><\/td>\n<\/tr>\n<tr class=\"row-50 even\">\n\t<td class=\"column-1\">21-25 \u015eubat 2012<\/td><td class=\"column-2\">T\u00fcrkiye<\/td><td class=\"column-3\">Antalya<\/td><td class=\"column-4\">Konser<\/td><td class=\"column-5\"> I. Uluslararas\u0131 Antalya Gitar Festivali<br \/>\nFestival Dan\u0131\u015fmanl\u0131\u011f\u0131\/Workshop\/Konferans<\/td>\n<\/tr>\n<tr class=\"row-51 odd\">\n\t<td class=\"column-1\">13 \u015eubat 2012<\/td><td class=\"column-2\">T\u00fcrkiye<\/td><td class=\"column-3\">Oslo<\/td><td class=\"column-4\">Konser<\/td><td class=\"column-5\">T\u00fcrkiye B\u00fcy\u00fckel\u00e7ili\u011fi<\/td>\n<\/tr>\n<tr class=\"row-52 even\">\n\t<td class=\"column-1\">11 \u015eubat 2012<\/td><td class=\"column-2\">T\u00fcrkiye<\/td><td class=\"column-3\">Stavanger<\/td><td class=\"column-4\">Konser<\/td><td class=\"column-5\">Bethel Salonu (19:30)<\/td>\n<\/tr>\n<tr class=\"row-53 odd\">\n\t<td class=\"column-1\">9 \u015eubat 2012<\/td><td class=\"column-2\">T\u00fcrkiye<\/td><td class=\"column-3\">Randaberg<\/td><td class=\"column-4\">Konser<\/td><td class=\"column-5\"><\/td>\n<\/tr>\n<tr class=\"row-54 even\">\n\t<td class=\"column-1\">1 Kas\u0131m 2011<\/td><td class=\"column-2\">\u0130spanya<\/td><td class=\"column-3\"><\/td><td class=\"column-4\">Konser\/<br \/>\nMasterclass <\/td><td class=\"column-5\"><\/td>\n<\/tr>\n<tr class=\"row-55 odd\">\n\t<td class=\"column-1\">1 Ekim 2011<\/td><td class=\"column-2\">Kolombiya, Venezuela, Arjantin, Peru<\/td><td class=\"column-3\">TURNE<\/td><td class=\"column-4\">Konser<\/td><td class=\"column-5\"><\/td>\n<\/tr>\n<tr class=\"row-56 even\">\n\t<td class=\"column-1\">13-15 May\u0131s 2011<\/td><td class=\"column-2\">T\u00fcrkiye<\/td><td class=\"column-3\">Burdur<\/td><td class=\"column-4\">Workshop<\/td><td class=\"column-5\"><\/td>\n<\/tr>\n<tr class=\"row-57 odd\">\n\t<td class=\"column-1\">27 Nisan 2011<\/td><td class=\"column-2\">T\u00fcrkiye<\/td><td class=\"column-3\">\u0130zmir<\/td><td class=\"column-4\">Konser<\/td><td class=\"column-5\"><\/td>\n<\/tr>\n<tr class=\"row-58 even\">\n\t<td class=\"column-1\">18 Nisan 2011<\/td><td class=\"column-2\">T\u00fcrkiye<\/td><td class=\"column-3\">Ankara<\/td><td class=\"column-4\">Konser<\/td><td class=\"column-5\"><\/td>\n<\/tr>\n<tr class=\"row-59 odd\">\n\t<td class=\"column-1\">4 Nisan 2011<\/td><td class=\"column-2\">T\u00fcrkiye<\/td><td class=\"column-3\">Ankara<\/td><td class=\"column-4\">Konser<\/td><td class=\"column-5\"><\/td>\n<\/tr>\n<tr class=\"row-60 even\">\n\t<td class=\"column-1\">1 Nisan 2011<\/td><td class=\"column-2\">T\u00fcrkiye<\/td><td class=\"column-3\">Ankara<\/td><td class=\"column-4\"><\/td><td class=\"column-5\">TRT Ankara Radyosu (14:00)<\/td>\n<\/tr>\n<tr class=\"row-61 odd\">\n\t<td class=\"column-1\">19 Mart 2011<\/td><td class=\"column-2\">T\u00fcrkiye<\/td><td class=\"column-3\">Ankara<\/td><td class=\"column-4\">Konferans<\/td><td class=\"column-5\">ODT\u00dc Konferans Salonu\/\"K\u00fclt\u00fcr, Sanat, \u0130cra\"<\/td>\n<\/tr>\n<tr class=\"row-62 even\">\n\t<td class=\"column-1\">21 Kas\u0131m 2010<\/td><td class=\"column-2\">\u0130spanya<\/td><td class=\"column-3\">Linares<\/td><td class=\"column-4\">Masterclass<\/td><td class=\"column-5\">Ustal\u0131k S\u0131n\u0131f\u0131<\/td>\n<\/tr>\n<tr class=\"row-63 odd\">\n\t<td class=\"column-1\">20 Kas\u0131m 2010<\/td><td class=\"column-2\">\u0130spanya<\/td><td class=\"column-3\"><\/td><td class=\"column-4\"><\/td><td class=\"column-5\">Andres Segovia Onur Madalyas\u0131 Teslim T\u00f6reni<\/td>\n<\/tr>\n<tr class=\"row-64 even\">\n\t<td class=\"column-1\">18 Kas\u0131m 2010<\/td><td class=\"column-2\">\u0130spanya<\/td><td class=\"column-3\">Linares<\/td><td class=\"column-4\">Konser<\/td><td class=\"column-5\">Linares Konservatuvar\u0131-\u0130spanya<\/td>\n<\/tr>\n<tr class=\"row-65 odd\">\n\t<td class=\"column-1\">17 Kas\u0131m 2010<\/td><td class=\"column-2\">\u0130spanya<\/td><td class=\"column-3\">Ubeda<\/td><td class=\"column-4\">Konser<\/td><td class=\"column-5\"><\/td>\n<\/tr>\n<tr class=\"row-66 even\">\n\t<td class=\"column-1\">21 Kas\u0131m 2010<\/td><td class=\"column-2\">T\u00fcrkiye<\/td><td class=\"column-3\">Ankara<\/td><td class=\"column-4\">Konser<\/td><td class=\"column-5\"><\/td>\n<\/tr>\n<tr class=\"row-67 odd\">\n\t<td class=\"column-1\">16 Kas\u0131m 2010<\/td><td class=\"column-2\">T\u00fcrkiye<\/td><td class=\"column-3\">Ankara<\/td><td class=\"column-4\">Konser<\/td><td class=\"column-5\"><\/td>\n<\/tr>\n<tr class=\"row-68 even\">\n\t<td class=\"column-1\">4-10 Ekim 2010<\/td><td class=\"column-2\">Norve\u00e7<\/td><td class=\"column-3\"><\/td><td class=\"column-4\">Ustal\u0131k S\u0131n\u0131f\u0131<\/td><td class=\"column-5\"><\/td>\n<\/tr>\n<tr class=\"row-69 odd\">\n\t<td class=\"column-1\">17 Haziran 2010<\/td><td class=\"column-2\">Suriye<\/td><td class=\"column-3\">\u015eam<\/td><td class=\"column-4\">Konser<\/td><td class=\"column-5\">Gitar Resitali<\/td>\n<\/tr>\n<tr class=\"row-70 even\">\n\t<td class=\"column-1\">26 May\u0131s 2010<\/td><td class=\"column-2\">T\u00fcrkiye<\/td><td class=\"column-3\">Ni\u011fde<\/td><td class=\"column-4\">Ustal\u0131k S\u0131n\u0131f\u0131<\/td><td class=\"column-5\">ODT\u00dc Koleji ve Anadolu Klasik Gitar Derne\u011fi<\/td>\n<\/tr>\n<tr class=\"row-71 odd\">\n\t<td class=\"column-1\">25 May\u0131s 2010<\/td><td class=\"column-2\">T\u00fcrkiye<\/td><td class=\"column-3\">Ni\u011fde<\/td><td class=\"column-4\">Konser<\/td><td class=\"column-5\">ODT\u00dc Koleji ve Anadolu Klasik Gitar Derne\u011fi<\/td>\n<\/tr>\n<tr class=\"row-72 even\">\n\t<td class=\"column-1\">21 May\u0131s 2010<\/td><td class=\"column-2\">T\u00fcrkiye<\/td><td class=\"column-3\">\u015eanl\u0131urfa<\/td><td class=\"column-4\">Konser<\/td><td class=\"column-5\"><\/td>\n<\/tr>\n<tr class=\"row-73 odd\">\n\t<td class=\"column-1\">20 May\u0131s 2010<\/td><td class=\"column-2\">T\u00fcrkiye<\/td><td class=\"column-3\">\u015eanl\u0131urfa<\/td><td class=\"column-4\">Konser<\/td><td class=\"column-5\">Halfeti Kaymakaml\u0131\u011f\u0131<\/td>\n<\/tr>\n<tr class=\"row-74 even\">\n\t<td class=\"column-1\">10 May\u0131s 2010<\/td><td class=\"column-2\">T\u00fcrkiye<\/td><td class=\"column-3\">Ankara<\/td><td class=\"column-4\">Konser<\/td><td class=\"column-5\">Dan\u0131\u015ftay<\/td>\n<\/tr>\n<tr class=\"row-75 odd\">\n\t<td class=\"column-1\">27 Nisan 2010<\/td><td class=\"column-2\">T\u00fcrkiye<\/td><td class=\"column-3\">Gaziantep<\/td><td class=\"column-4\">Konser<\/td><td class=\"column-5\"><\/td>\n<\/tr>\n<tr class=\"row-76 even\">\n\t<td class=\"column-1\">26 Nisan 2010<\/td><td class=\"column-2\">T\u00fcrkiye<\/td><td class=\"column-3\">Gaziantep<\/td><td class=\"column-4\">Ustal\u0131k S\u0131n\u0131f\u0131<\/td><td class=\"column-5\"><\/td>\n<\/tr>\n<tr class=\"row-77 odd\">\n\t<td class=\"column-1\">25 Nisan 2010<\/td><td class=\"column-2\">T\u00fcrkiye<\/td><td class=\"column-3\">Gaziantep<\/td><td class=\"column-4\">Konser<\/td><td class=\"column-5\"><\/td>\n<\/tr>\n<tr class=\"row-78 even\">\n\t<td class=\"column-1\">20 Nisan 2010<\/td><td class=\"column-2\">T\u00fcrkiye<\/td><td class=\"column-3\">Ankara<\/td><td class=\"column-4\">Konser<\/td><td class=\"column-5\">ODT\u00dc KKM- \u00d6zcan Dal (Gitar), \u015eefik Vural (fl\u00fct) ile<\/td>\n<\/tr>\n<tr class=\"row-79 odd\">\n\t<td class=\"column-1\">18 Nisan 2010<\/td><td class=\"column-2\">T\u00fcrkiye<\/td><td class=\"column-3\">\u0130stanbul<\/td><td class=\"column-4\">J\u00fcri \u00dcyeli\u011fi<\/td><td class=\"column-5\">Lions Avrupa Forumu Gitar Yar\u0131\u015fmas\u0131<\/td>\n<\/tr>\n<tr class=\"row-80 even\">\n\t<td class=\"column-1\">10 Nisan 2010<\/td><td class=\"column-2\">T\u00fcrkiye<\/td><td class=\"column-3\">\u015eanl\u0131urfa<\/td><td class=\"column-4\">Konser<\/td><td class=\"column-5\"><\/td>\n<\/tr>\n<tr class=\"row-81 odd\">\n\t<td class=\"column-1\">3 Nisan 2010<\/td><td class=\"column-2\">T\u00fcrkiye<\/td><td class=\"column-3\">Ankara<\/td><td class=\"column-4\">Konser<\/td><td class=\"column-5\">Ankara Fen Lisesi KKM<\/td>\n<\/tr>\n<tr class=\"row-82 even\">\n\t<td class=\"column-1\">26 Mart 2010<\/td><td class=\"column-2\">Fransa<\/td><td class=\"column-3\">Paris<\/td><td class=\"column-4\">Konser<\/td><td class=\"column-5\">Paris- Les Invalides Grande Salon<\/td>\n<\/tr>\n<\/tbody>\n<\/table>\n<!-- #tablepress-2 from cache -->\n","protected":false},"excerpt":{"rendered":"<p>Program Ar\u015fivi<\/p>\n","protected":false},"author":1,"featured_media":0,"parent":0,"menu_order":0,"comment_status":"closed","ping_status":"closed","template":"","meta":[],"_links":{"self":[{"href":"https:\/\/www.kanneci.org\/yeni\/wp-json\/wp\/v2\/pages\/11"}],"collection":[{"href":"https:\/\/www.kanneci.org\/yeni\/wp-json\/wp\/v2\/pages"}],"about":[{"href":"https:\/\/www.kanneci.org\/yeni\/wp-json\/wp\/v2\/types\/page"}],"author":[{"embeddable":true,"href":"https:\/\/www.kanneci.org\/yeni\/wp-json\/wp\/v2\/users\/1"}],"replies":[{"embeddable":true,"href":"https:\/\/www.kanneci.org\/yeni\/wp-json\/wp\/v2\/comments?post=11"}],"version-history":[{"count":29,"href":"https:\/\/www.kanneci.org\/yeni\/wp-json\/wp\/v2\/pages\/11\/revisions"}],"predecessor-version":[{"id":494,"href":"https:\/\/www.kanneci.org\/yeni\/wp-json\/wp\/v2\/pages\/11\/revisions\/494"}],"wp:attachment":[{"href":"https:\/\/www.kanneci.org\/yeni\/wp-json\/wp\/v2\/media?parent=11"}],"curies":[{"name":"wp","href":"https:\/\/api.w.org\/{rel}","templated":true}]}}